{"id":354,"date":"2020-09-18T08:38:44","date_gmt":"2020-09-18T06:38:44","guid":{"rendered":"http:\/\/www.wsk-arbeitsrecht.com\/?page_id=354"},"modified":"2026-01-21T14:16:00","modified_gmt":"2026-01-21T13:16:00","slug":"leistungen","status":"publish","type":"page","link":"https:\/\/www.wsk-arbeitsrecht.com\/en\/leistungen\/","title":{"rendered":"Services"},"content":{"rendered":"<style type=\"text\/css\" data-created_by=\"avia_inline_auto\" id=\"style-css-av-1vm0a-a1abaf110cf05ed385f4c6593189e511\">\n.avia-section.av-1vm0a-a1abaf110cf05ed385f4c6593189e511{\nbackground-repeat:no-repeat;\nbackground-image:url(https:\/\/www.wsk-arbeitsrecht.com\/wp-content\/uploads\/2020\/11\/wsk-arbeitsrecht-konferenz-full-02-2.jpg);\nbackground-position:50% 0%;\nbackground-attachment:fixed;\n}\n.avia-section.av-1vm0a-a1abaf110cf05ed385f4c6593189e511 .av-section-color-overlay{\nopacity:0.1;\nbackground-color:#ffffff;\n}\n<\/style>\n<div id='av_section_1'  class='avia-section av-1vm0a-a1abaf110cf05ed385f4c6593189e511 main_color avia-section-default avia-no-border-styling  avia-builder-el-0  el_before_av_section  avia-builder-el-first  anwaelte avia-full-stretch avia-bg-style-fixed av-section-color-overlay-active av-minimum-height av-minimum-height-100 av-height-100  container_wrap sidebar_right'  data-section-bg-repeat='stretch' data-av_minimum_height_pc='100' data-av_min_height_opt='100'><div class=\"av-section-color-overlay-wrap\"><div class=\"av-section-color-overlay\"><\/div><div class='container av-section-cont-open' ><main  role=\"main\" itemprop=\"mainContentOfPage\"  class='template-page content  av-content-small alpha units'><div class='post-entry post-entry-type-page post-entry-354'><div class='entry-content-wrapper clearfix'>\n<div class='flex_column_table av-biica-41625b0d4870aa4439fead661b185e8e sc-av_one_full av-equal-height-column-flextable'>\n<style type=\"text\/css\" data-created_by=\"avia_inline_auto\" id=\"style-css-av-biica-41625b0d4870aa4439fead661b185e8e\">\n.flex_column.av-biica-41625b0d4870aa4439fead661b185e8e{\nborder-radius:0px 0px 0px 0px;\npadding:20px 20px 20px 20px;\nbackground-color:#ffffff;\n}\n<\/style>\n<div  class='flex_column av-biica-41625b0d4870aa4439fead661b185e8e av_one_full  avia-builder-el-1  el_before_av_one_third  avia-builder-el-first  button-bottom first no_margin flex_column_table_cell av-equal-height-column av-align-top'     ><section  class='av_textblock_section av-kg8372gi-7fca3661906376197dc277442bd6b51b'   itemscope=\"itemscope\" itemtype=\"https:\/\/schema.org\/CreativeWork\" ><div class='avia_textblock'  itemprop=\"text\" ><blockquote>\n<h1 class=\"av-special-heading-tag\">Services<\/h1>\n<\/blockquote>\n<h4>Unsere Kanzlei ber\u00e4t Unternehmen sowie Vorst\u00e4nde, Gesch\u00e4ftsf\u00fchrer und F\u00fchrungskr\u00e4fte im gesamten Spektrum des Arbeitsrechts einschlie\u00dflich der damit verbundenen Schnittstellen zum Gesellschafts- und Sozialversicherungsrecht.<\/h4>\n<\/div><\/section><br \/>\n\n<style type=\"text\/css\" data-created_by=\"avia_inline_auto\" id=\"style-css-av-kggceb5d-03722b212c1ad7d373fa7f3dba647e17\">\n.avia-image-container.av-kggceb5d-03722b212c1ad7d373fa7f3dba647e17 img.avia_image{\nbox-shadow:none;\n}\n.avia-image-container.av-kggceb5d-03722b212c1ad7d373fa7f3dba647e17 .av-image-caption-overlay-center{\ncolor:#ffffff;\n}\n<\/style>\n<div  class='avia-image-container av-kggceb5d-03722b212c1ad7d373fa7f3dba647e17 av-styling-no-styling avia-align-  avia-builder-el-3  el_after_av_textblock  avia-builder-el-last'   itemprop=\"image\" itemscope=\"itemscope\" itemtype=\"https:\/\/schema.org\/ImageObject\" ><div class=\"avia-image-container-inner\"><div class=\"avia-image-overlay-wrap\"><img decoding=\"async\" fetchpriority=\"high\" class='wp-image-2768 avia-img-lazy-loading-not-2768 avia_image' src=\"https:\/\/www.wsk-arbeitsrecht.com\/wp-content\/uploads\/2020\/11\/wsk-arbeitsrecht-leistungen-quer-01-3.jpg\" alt='' title='wsk-labour-law-services-quer-01'  height=\"350\" width=\"1400\"  itemprop=\"thumbnailUrl\" srcset=\"https:\/\/www.wsk-arbeitsrecht.com\/wp-content\/uploads\/2020\/11\/wsk-arbeitsrecht-leistungen-quer-01-3.jpg 1400w, https:\/\/www.wsk-arbeitsrecht.com\/wp-content\/uploads\/2020\/11\/wsk-arbeitsrecht-leistungen-quer-01-3-300x75.jpg 300w, https:\/\/www.wsk-arbeitsrecht.com\/wp-content\/uploads\/2020\/11\/wsk-arbeitsrecht-leistungen-quer-01-3-1030x258.jpg 1030w, https:\/\/www.wsk-arbeitsrecht.com\/wp-content\/uploads\/2020\/11\/wsk-arbeitsrecht-leistungen-quer-01-3-768x192.jpg 768w, https:\/\/www.wsk-arbeitsrecht.com\/wp-content\/uploads\/2020\/11\/wsk-arbeitsrecht-leistungen-quer-01-3-705x176.jpg 705w\" sizes=\"(max-width: 1400px) 100vw, 1400px\" \/><\/div><\/div><\/div><\/p><\/div><\/div><!--close column table wrapper. Autoclose: 1 --><div class='flex_column_table av-14nsi-1c77f0c3b3c49f8bc36ecda7566eee34 sc-av_one_third av-equal-height-column-flextable'>\n<style type=\"text\/css\" data-created_by=\"avia_inline_auto\" id=\"style-css-av-14nsi-1c77f0c3b3c49f8bc36ecda7566eee34\">\n.flex_column.av-14nsi-1c77f0c3b3c49f8bc36ecda7566eee34{\nborder-radius:0px 0px 0px 0px;\npadding:20px 20px 20px 20px;\nbackground-color:#ffffff;\n}\n<\/style>\n<div  class='flex_column av-14nsi-1c77f0c3b3c49f8bc36ecda7566eee34 av_one_third  avia-builder-el-4  el_after_av_one_full  el_before_av_one_third  button-bottom first no_margin flex_column_table_cell av-equal-height-column av-align-top  column-top-margin'     ><section  class='av_textblock_section av-kf5j4gz5-6c44c64f52017c0385990481e810347b'   itemscope=\"itemscope\" itemtype=\"https:\/\/schema.org\/CreativeWork\" ><div class='avia_textblock'  itemprop=\"text\" ><blockquote>\n<h2 class=\"av-special-heading-tag\">Company<\/h2>\n<\/blockquote>\n<p data-start=\"1122\" data-end=\"1466\">Die laufende arbeitsrechtliche Beratung von Unternehmen aller Gr\u00f6\u00dfenordnungen bildet einen Schwerpunkt unserer T\u00e4tigkeit. Wir unterst\u00fctzen Personal- und Rechtsabteilungen sowohl bei umfangreichen Einzelprojekten, etwa Restrukturierungen, als auch bei laufenden arbeitsrechtlichen Fragestellungen wie Versetzungen, Abmahnungen und K\u00fcndigungen.<\/p>\n<p data-start=\"1473\" data-end=\"1881\">Wir begleiten und f\u00fchren Verhandlungen mit Betriebs- und Personalr\u00e4ten und vertreten Unternehmen in Einigungsstellenverfahren. Dar\u00fcber hinaus beraten wir bei der Gestaltung und \u00dcberpr\u00fcfung von Arbeitsvertr\u00e4gen unter Ber\u00fccksichtigung der aktuellen Rechtsprechung. Auch in sensiblen Bereichen wie dem Antidiskriminierungsrecht und dem Besch\u00e4ftigtendatenschutz stehen wir unseren Mandanten beratend zur Seite.<\/p>\n<p data-start=\"1888\" data-end=\"2102\">Mit unseren Mandanten verbinden uns regelm\u00e4\u00dfig langfristige, vertrauensvolle Mandatsbeziehungen, die durch pers\u00f6nliche Beratung und die Ber\u00fccksichtigung der jeweiligen unternehmerischen Besonderheiten gepr\u00e4gt sind.<\/p>\n<\/div><\/section><br \/>\n\n<style type=\"text\/css\" data-created_by=\"avia_inline_auto\" id=\"style-css-av-kf5i8vre-775a46b043dbfc2c34a46f42b4708d2c\">\n#top .hr.hr-invisible.av-kf5i8vre-775a46b043dbfc2c34a46f42b4708d2c{\nheight:40px;\n}\n<\/style>\n<div  class='hr av-kf5i8vre-775a46b043dbfc2c34a46f42b4708d2c hr-invisible  avia-builder-el-6  el_after_av_textblock  el_before_av_button'><span class='hr-inner'><span class=\"hr-inner-style\"><\/span><\/span><\/div><br \/>\n<div  class='avia-button-wrap av-kf5h7da4-ec012b2fc5960f0470063423535edfa9-wrap avia-button-left  avia-builder-el-7  el_after_av_hr  avia-builder-el-last'>\n<style type=\"text\/css\" data-created_by=\"avia_inline_auto\" id=\"style-css-av-kf5h7da4-ec012b2fc5960f0470063423535edfa9\">\n#top #wrap_all .avia-button.av-kf5h7da4-ec012b2fc5960f0470063423535edfa9{\nbackground-color:#474c54;\nborder-color:#474c54;\ntransition:all 0.4s ease-in-out;\n}\n#top #wrap_all .avia-button.av-kf5h7da4-ec012b2fc5960f0470063423535edfa9:hover{\nbackground-color:#a8b614;\ncolor:#ffffff;\ntransition:all 0.4s ease-in-out;\n}\n#top #wrap_all .avia-button.av-kf5h7da4-ec012b2fc5960f0470063423535edfa9:hover .avia-svg-icon svg:first-child{\nfill:#ffffff;\nstroke:#ffffff;\n}\n<\/style>\n<a href='https:\/\/www.wsk-arbeitsrecht.com\/en\/leistungen\/unternehmen\/'  class='avia-button av-kf5h7da4-ec012b2fc5960f0470063423535edfa9 av-link-btn avia-icon_select-no avia-size-small avia-position-left avia-font-color-theme-color'   aria-label=\"More info\"><span class='avia_iconbox_title' >More info<\/span><\/a><\/div><\/p><\/div>\n<style type=\"text\/css\" data-created_by=\"avia_inline_auto\" id=\"style-css-av-14nsi-8-c62c967dc8ba729aec5d349b746300ba\">\n.flex_column.av-14nsi-8-c62c967dc8ba729aec5d349b746300ba{\nborder-radius:0px 0px 0px 0px;\npadding:20px 20px 20px 20px;\nbackground-color:#ffffff;\n}\n<\/style>\n<div  class='flex_column av-14nsi-8-c62c967dc8ba729aec5d349b746300ba av_one_third  avia-builder-el-8  el_after_av_one_third  el_before_av_one_third  button-bottom no_margin flex_column_table_cell av-equal-height-column av-align-top  column-top-margin'     ><section  class='av_textblock_section av-kf5j4gz5-7-8bc5b6786202000b0fb318fb9f5851c3'   itemscope=\"itemscope\" itemtype=\"https:\/\/schema.org\/CreativeWork\" ><div class='avia_textblock'  itemprop=\"text\" ><blockquote>\n<h2 class=\"av-special-heading-tag\">Members of the management Board and managing Director<\/h2>\n<\/blockquote>\n<p>Die Beratung von Vorst\u00e4nden und Gesch\u00e4ftsf\u00fchrern erfordert neben umfassenden Rechtskenntnissen im Dienstvertrags- und Gesellschaftsrecht ein ausgepr\u00e4gtes Verst\u00e4ndnis f\u00fcr strategische Entscheidungsprozesse in unterschiedlichen Situationen. H\u00e4ufig gilt es, finanzielle Interessen und die weitere berufliche Entwicklung sorgf\u00e4ltig aufeinander abzustimmen. Dies setzt Erfahrung im Zusammenspiel von Leitungs- und Aufsichtsorganen sowie Gesellschaftern voraus. Dienstvertr\u00e4ge von Vorst\u00e4nden und Gesch\u00e4ftsf\u00fchrern weisen dabei zahlreiche Besonderheiten auf, die einer spezialisierten arbeits- und gesellschaftsrechtlichen Beratung bed\u00fcrfen.<\/p>\n<p>Als Vorstand oder Gesch\u00e4ftsf\u00fchrer beraten wir Sie sowohl bei der vorausschauenden Gestaltung und Verhandlung von Dienstvertr\u00e4gen als auch im Konfliktfall. Durch eine strukturierte und konsequente Interessenvertretung unterst\u00fctzen wir Sie dabei, Ihre rechtlichen und wirtschaftlichen Interessen zielgerichtet durchzusetzen.<\/p>\n<\/div><\/section><br \/>\n\n<style type=\"text\/css\" data-created_by=\"avia_inline_auto\" id=\"style-css-av-kf5i8vre-6-3858c0019f09e8f385f6b53daf88bff3\">\n#top .hr.hr-invisible.av-kf5i8vre-6-3858c0019f09e8f385f6b53daf88bff3{\nheight:80px;\n}\n<\/style>\n<div  class='hr av-kf5i8vre-6-3858c0019f09e8f385f6b53daf88bff3 hr-invisible  avia-builder-el-10  el_after_av_textblock  el_before_av_button'><span class='hr-inner'><span class=\"hr-inner-style\"><\/span><\/span><\/div><br \/>\n<div  class='avia-button-wrap av-kf5h7da4-5-19b8bcd656db8408df9ad30a76b2e202-wrap avia-button-left  avia-builder-el-11  el_after_av_hr  avia-builder-el-last'>\n<style type=\"text\/css\" data-created_by=\"avia_inline_auto\" id=\"style-css-av-kf5h7da4-5-19b8bcd656db8408df9ad30a76b2e202\">\n#top #wrap_all .avia-button.av-kf5h7da4-5-19b8bcd656db8408df9ad30a76b2e202{\nbackground-color:#474c54;\nborder-color:#474c54;\ntransition:all 0.4s ease-in-out;\n}\n#top #wrap_all .avia-button.av-kf5h7da4-5-19b8bcd656db8408df9ad30a76b2e202:hover{\nbackground-color:#a8b614;\ncolor:#ffffff;\ntransition:all 0.4s ease-in-out;\n}\n#top #wrap_all .avia-button.av-kf5h7da4-5-19b8bcd656db8408df9ad30a76b2e202:hover .avia-svg-icon svg:first-child{\nfill:#ffffff;\nstroke:#ffffff;\n}\n<\/style>\n<a href='https:\/\/www.wsk-arbeitsrecht.com\/en\/leistungen\/vorstaende-geschaeftsfuehrer\/'  class='avia-button av-kf5h7da4-5-19b8bcd656db8408df9ad30a76b2e202 av-link-btn avia-icon_select-no avia-size-small avia-position-left avia-font-color-theme-color'   aria-label=\"More info\"><span class='avia_iconbox_title' >More info<\/span><\/a><\/div><\/p><\/div>\n<style type=\"text\/css\" data-created_by=\"avia_inline_auto\" id=\"style-css-av-14nsi-4-4efff575ecbbd50cbf7301ceee8f7009\">\n.flex_column.av-14nsi-4-4efff575ecbbd50cbf7301ceee8f7009{\nborder-radius:0px 0px 0px 0px;\npadding:20px 20px 20px 20px;\nbackground-color:#ffffff;\n}\n<\/style>\n<div  class='flex_column av-14nsi-4-4efff575ecbbd50cbf7301ceee8f7009 av_one_third  avia-builder-el-12  el_after_av_one_third  avia-builder-el-last  button-bottom no_margin flex_column_table_cell av-equal-height-column av-align-top  column-top-margin'     ><section  class='av_textblock_section av-kf5j4gz5-3-9c5e9166aa8fd8fa1f1db548e083d328'   itemscope=\"itemscope\" itemtype=\"https:\/\/schema.org\/CreativeWork\" ><div class='avia_textblock'  itemprop=\"text\" ><blockquote>\n<h2 class=\"av-special-heading-tag\">F\u00fchrungskr\u00e4fte<\/h2>\n<\/blockquote>\n<p data-start=\"570\" data-end=\"1023\">F\u00fchrungskr\u00e4fte nehmen in Unternehmen regelm\u00e4\u00dfig eine exponierte Stellung ein. Damit sind besondere rechtliche und tats\u00e4chliche Risiken verbunden, die im Konfliktfall eine spezialisierte arbeitsrechtliche Beratung erfordern. In solchen Situationen kommt es nicht nur auf die Durchsetzung arbeitsrechtlicher Anspr\u00fcche an, sondern auch auf Erfahrung im Umgang mit Auseinandersetzungen auf h\u00f6heren F\u00fchrungsebenen und den damit verbundenen Interessenlagen.<\/p>\n<p data-start=\"1030\" data-end=\"1457\">Wir beraten F\u00fchrungskr\u00e4fte sowohl pr\u00e4ventiv, etwa bei der Gestaltung und Verhandlung von Arbeits- und Dienstvertr\u00e4gen, als auch in Konflikt- und Trennungssituationen. Dabei vertreten wir Ihre Interessen konsequent und mit der gebotenen Sensibilit\u00e4t gegen\u00fcber Ihrem Unternehmen. Neben der Wahrung finanzieller Interessen ber\u00fccksichtigen wir stets auch die Auswirkungen auf Ihre weitere berufliche Entwicklung und Positionierung.<\/p>\n<\/div><\/section><br \/>\n\n<style type=\"text\/css\" data-created_by=\"avia_inline_auto\" id=\"style-css-av-kf5i8vre-2-03aa10bc47a684627feb977cf382b1fd\">\n#top .hr.hr-invisible.av-kf5i8vre-2-03aa10bc47a684627feb977cf382b1fd{\nheight:40px;\n}\n<\/style>\n<div  class='hr av-kf5i8vre-2-03aa10bc47a684627feb977cf382b1fd hr-invisible  avia-builder-el-14  el_after_av_textblock  el_before_av_button'><span class='hr-inner'><span class=\"hr-inner-style\"><\/span><\/span><\/div><br \/>\n<div  class='avia-button-wrap av-kf5h7da4-1-f305c1e3bfd86f805849338dc016bcef-wrap avia-button-left  avia-builder-el-15  el_after_av_hr  avia-builder-el-last'>\n<style type=\"text\/css\" data-created_by=\"avia_inline_auto\" id=\"style-css-av-kf5h7da4-1-f305c1e3bfd86f805849338dc016bcef\">\n#top #wrap_all .avia-button.av-kf5h7da4-1-f305c1e3bfd86f805849338dc016bcef{\nbackground-color:#474c54;\nborder-color:#474c54;\ntransition:all 0.4s ease-in-out;\n}\n#top #wrap_all .avia-button.av-kf5h7da4-1-f305c1e3bfd86f805849338dc016bcef:hover{\nbackground-color:#a8b614;\ncolor:#ffffff;\ntransition:all 0.4s ease-in-out;\n}\n#top #wrap_all .avia-button.av-kf5h7da4-1-f305c1e3bfd86f805849338dc016bcef:hover .avia-svg-icon svg:first-child{\nfill:#ffffff;\nstroke:#ffffff;\n}\n<\/style>\n<a href='https:\/\/www.wsk-arbeitsrecht.com\/en\/leistungen\/fuehrungskraefte\/'  class='avia-button av-kf5h7da4-1-f305c1e3bfd86f805849338dc016bcef av-link-btn avia-icon_select-no avia-size-small avia-position-left avia-font-color-theme-color'   aria-label=\"More info\"><span class='avia_iconbox_title' >More info<\/span><\/a><\/div><\/p><\/div><\/div><!--close column table wrapper. Autoclose: 1 --><\/div><\/div><\/main><!-- close content main element --><\/div><\/div><\/div>\n<style type=\"text\/css\" data-created_by=\"avia_inline_auto\" id=\"style-css-av-1cmv2-2fec468318820b4a4cdbc63e59f1217e\">\n.avia-section.av-1cmv2-2fec468318820b4a4cdbc63e59f1217e{\nbackground-repeat:no-repeat;\nbackground-image:url(https:\/\/www.wsk-arbeitsrecht.com\/wp-content\/uploads\/2020\/11\/wsk-arbeitsrecht-konferenz-full-02-2.jpg);\nbackground-position:50% 0%;\nbackground-attachment:fixed;\n}\n.avia-section.av-1cmv2-2fec468318820b4a4cdbc63e59f1217e .av-section-color-overlay{\nopacity:0.1;\nbackground-color:#ffffff;\n}\n<\/style>\n<div id='av_section_2'  class='avia-section av-1cmv2-2fec468318820b4a4cdbc63e59f1217e main_color avia-section-large avia-no-border-styling  avia-builder-el-16  el_after_av_section  avia-builder-el-last  avia-full-stretch avia-bg-style-fixed av-section-color-overlay-active container_wrap sidebar_right'  data-section-bg-repeat='stretch'><div class=\"av-section-color-overlay-wrap\"><div class=\"av-section-color-overlay\"><\/div><div class='container av-section-cont-open' ><div class='template-page content  av-content-small alpha units'><div class='post-entry post-entry-type-page post-entry-354'><div class='entry-content-wrapper clearfix'>\n\n<style type=\"text\/css\" data-created_by=\"avia_inline_auto\" id=\"style-css-av-kh2c6nsf-e01ee00cbbb9585c80dbd44d61efa295\">\n.avia-image-container.av-kh2c6nsf-e01ee00cbbb9585c80dbd44d61efa295 img.avia_image{\nbox-shadow:none;\n}\n.avia-image-container.av-kh2c6nsf-e01ee00cbbb9585c80dbd44d61efa295 .av-image-caption-overlay-center{\ncolor:#ffffff;\n}\n<\/style>\n<div  class='avia-image-container av-kh2c6nsf-e01ee00cbbb9585c80dbd44d61efa295 av-styling- avia-align-center  avia-builder-el-17  avia-builder-el-no-sibling'   itemprop=\"image\" itemscope=\"itemscope\" itemtype=\"https:\/\/schema.org\/ImageObject\" ><div class=\"avia-image-container-inner\"><div class=\"avia-image-overlay-wrap\"><img decoding=\"async\" fetchpriority=\"high\" class='wp-image-2566 avia-img-lazy-loading-not-2566 avia_image' src=\"https:\/\/www.wsk-arbeitsrecht.com\/wp-content\/uploads\/2020\/11\/wolff-schultze-kieferle-icon-wsk-svg-end2020-01-01.svg\" alt='' title='wolff-schultze-kieferle-icon-wsk-svg-end2020-01-01'  height=\"80\" width=\"80\"  itemprop=\"thumbnailUrl\" srcset=\"https:\/\/www.wsk-arbeitsrecht.com\/wp-content\/uploads\/\/2020\/11\/wolff-schultze-kieferle-icon-wsk-svg-end2020-01-01.svg 80w, https:\/\/www.wsk-arbeitsrecht.com\/wp-content\/uploads\/\/2020\/11\/wolff-schultze-kieferle-icon-wsk-svg-end2020-01-01.svg 300w, https:\/\/www.wsk-arbeitsrecht.com\/wp-content\/uploads\/\/2020\/11\/wolff-schultze-kieferle-icon-wsk-svg-end2020-01-01.svg 1030w\" sizes=\"(max-width: 80px) 100vw, 80px\" \/><\/div><\/div><\/div>\n<\/div><\/div><\/div><!-- close content main div --><\/div><\/div><\/div><div id='after_section_2'  class='main_color av_default_container_wrap container_wrap sidebar_right'  ><div class='container av-section-cont-open' ><div class='template-page content  av-content-small alpha units'><div class='post-entry post-entry-type-page post-entry-354'><div class='entry-content-wrapper clearfix'><\/p>","protected":false},"excerpt":{"rendered":"","protected":false},"author":1,"featured_media":0,"parent":0,"menu_order":200,"comment_status":"closed","ping_status":"closed","template":"","meta":{"footnotes":""},"class_list":["post-354","page","type-page","status-publish","hentry"],"_links":{"self":[{"href":"https:\/\/www.wsk-arbeitsrecht.com\/en\/wp-json\/wp\/v2\/pages\/354","targetHints":{"allow":["GET"]}}],"collection":[{"href":"https:\/\/www.wsk-arbeitsrecht.com\/en\/wp-json\/wp\/v2\/pages"}],"about":[{"href":"https:\/\/www.wsk-arbeitsrecht.com\/en\/wp-json\/wp\/v2\/types\/page"}],"author":[{"embeddable":true,"href":"https:\/\/www.wsk-arbeitsrecht.com\/en\/wp-json\/wp\/v2\/users\/1"}],"replies":[{"embeddable":true,"href":"https:\/\/www.wsk-arbeitsrecht.com\/en\/wp-json\/wp\/v2\/comments?post=354"}],"version-history":[{"count":75,"href":"https:\/\/www.wsk-arbeitsrecht.com\/en\/wp-json\/wp\/v2\/pages\/354\/revisions"}],"predecessor-version":[{"id":3984,"href":"https:\/\/www.wsk-arbeitsrecht.com\/en\/wp-json\/wp\/v2\/pages\/354\/revisions\/3984"}],"wp:attachment":[{"href":"https:\/\/www.wsk-arbeitsrecht.com\/en\/wp-json\/wp\/v2\/media?parent=354"}],"curies":[{"name":"wp","href":"https:\/\/api.w.org\/{rel}","templated":true}]}}